{"id":1609,"date":"2022-12-09T09:58:20","date_gmt":"2022-12-09T09:58:20","guid":{"rendered":"https:\/\/feelanimalwelfare.com\/sobre\/"},"modified":"2023-05-03T16:15:28","modified_gmt":"2023-05-03T16:15:28","slug":"sobre","status":"publish","type":"page","link":"https:\/\/www.feelanimalwelfare.com\/es\/sobre\/","title":{"rendered":"Sobre"},"content":{"rendered":"<section class=\"wpb-content-wrapper\"><p>[vc_row heading_color=\u00bbprimary-1&#8243; bg_type=\u00bbcolor\u00bb padding_bottom_multiplier=\u00bb\u00bb bg_color=\u00bbrgba(255,255,255,0.01)\u00bb][vc_column text_align=\u00bbcenter\u00bb css=\u00bb.vc_custom_1670580740011{padding-right: 5% !important;padding-left: 5% !important;}\u00bb]<h3 class=\"grve-element grve-title grve-align-inherit grve-h3 grve-custom-font-1\" style=\"\"><span>The Natural &amp; Healthy Choice<\/span><\/h3><div class=\"grve-empty-space\" style=\"height: 40px;\"><\/div>[vc_column_text el_class=\u00bbintro\u00bb]De nuestra pasi\u00f3n por los animales, nace FEEL\u00ae ANIMAL WELFARE, centrada en el desarrollo de una nueva generaci\u00f3n de nutrac\u00e9uticos para la salud y el bienestar animal.[\/vc_column_text]<div class=\"grve-empty-space grve-height-2x\" style=\"\"><\/div>[\/vc_column][vc_column][vc_row_inner el_class=\u00bbintro-colunas-just\u00bb][vc_column_inner width=\u00bb1\/2&#8243;][vc_column_text]Aprovechamos los ingredientes que la naturaleza pone a nuestra disposici\u00f3n y nos hemos aliado con una tecnolog\u00eda altamente innovadora a fin de, con el rigor necesario, desarrollar alimentos compuestos complementarios adecuados para el bienestar diario de los animales de compa\u00f1\u00eda.<\/p>\n<p>El desarrollo de conceptos innovadores aliado a ingredientes seleccionados estrat\u00e9gica y cuidadosamente en los alimentos complementarios FEEL\u00ae que, actuando sin\u00e9rgicamente, contribuyen a la prevenci\u00f3n y tratamiento de algunas patolog\u00edas.[\/vc_column_text][\/vc_column_inner][vc_column_inner width=\u00bb1\/2&#8243;][vc_column_text]En este sentido, nos presentamos como una marca que participa activamente en la salud diaria de los perros y gatos para potenciar la calidad de vida y la longevidad de los animales de compa\u00f1\u00eda.<\/p>\n<p>Puesto que nos importa la sostenibilidad, toda nuestra gama FEEL\u00ae cuenta con un dise\u00f1o revolucionario y envases sostenibles, lo que permite mantener la calidad de los productos y los resultados econ\u00f3micos gracias a la innovaci\u00f3n, la credibilidad y el rigor que nos caracterizan.[\/vc_column_text][\/vc_column_inner][\/vc_row_inner][\/vc_column][\/vc_row][vc_row desktop_visibility=\u00bbhide\u00bb tablet_visibility=\u00bbhide\u00bb tablet_sm_visibility=\u00bbhide\u00bb][vc_column column_effect=\u00bbmouse-move-x-y\u00bb column_effect_limit=\u00bb2x\u00bb css=\u00bb.vc_custom_1670588647507{padding-right: 5% !important;padding-left: 5% !important;}\u00bb]<div class=\"grve-empty-space grve-height-2x\" style=\"\"><\/div>[\/vc_column][\/vc_row][vc_row padding_top_multiplier=\u00bb\u00bb padding_bottom_multiplier=\u00bb\u00bb columns_gap=\u00bbnone\u00bb section_id=\u00bbgrafismo_lotus_sobre_row\u00bb][vc_column width=\u00bb1\/2&#8243;][\/vc_column][vc_column column_effect=\u00bbmouse-move-x-y\u00bb column_effect_sensitive=\u00bbnormal\u00bb column_custom_position=\u00bbyes\u00bb position_bottom=\u00bbminus-6x\u00bb width=\u00bb1\/2&#8243; mobile_column_positions=\u00bbnone\u00bb text_align=\u00bbright\u00bb css=\u00bb.vc_custom_1677773920400{margin-bottom: -11vh !important;}\u00bb]<div class=\"grve-element grve-image grafismo-valeriana grve-align-right\" style=\"\">  <div class=\"grve-image-wrapper\"><img loading=\"lazy\" decoding=\"async\" width=\"304\" height=\"262\" src=\"https:\/\/www.feelanimalwelfare.com\/wp-content\/uploads\/flor-Borage-abelha-1.webp\" class=\"attachment-full size-full\" alt=\"\" srcset=\"https:\/\/www.feelanimalwelfare.com\/wp-content\/uploads\/flor-Borage-abelha-1.webp 304w, https:\/\/www.feelanimalwelfare.com\/wp-content\/uploads\/flor-Borage-abelha-1-300x259.webp 300w\" sizes=\"auto, (max-width: 304px) 100vw, 304px\" \/>   <\/div><\/div>[\/vc_column][\/vc_row][vc_row][vc_column column_effect=\u00bbmouse-move-x-y\u00bb column_effect_limit=\u00bb2x\u00bb css=\u00bb.vc_custom_1670588647507{padding-right: 5% !important;padding-left: 5% !important;}\u00bb]<div class=\"grve-element grve-image grve-animated-item grve-duration-normal grve-fade-in-up grve-align-center\" style=\"\" data-delay=\"200\">  <div class=\"grve-image-wrapper\"><img loading=\"lazy\" decoding=\"async\" width=\"1130\" height=\"955\" src=\"https:\/\/www.feelanimalwelfare.com\/wp-content\/uploads\/sobre-imagem-02-1.webp\" class=\"attachment-full size-full\" alt=\"\" srcset=\"https:\/\/www.feelanimalwelfare.com\/wp-content\/uploads\/sobre-imagem-02-1.webp 1130w, https:\/\/www.feelanimalwelfare.com\/wp-content\/uploads\/sobre-imagem-02-1-780x659.webp 780w, https:\/\/www.feelanimalwelfare.com\/wp-content\/uploads\/sobre-imagem-02-1-300x254.webp 300w, https:\/\/www.feelanimalwelfare.com\/wp-content\/uploads\/sobre-imagem-02-1-1024x865.webp 1024w, https:\/\/www.feelanimalwelfare.com\/wp-content\/uploads\/sobre-imagem-02-1-768x649.webp 768w, https:\/\/www.feelanimalwelfare.com\/wp-content\/uploads\/sobre-imagem-02-1-600x507.webp 600w\" sizes=\"auto, (max-width: 1130px) 100vw, 1130px\" \/>   <\/div><\/div>[\/vc_column][\/vc_row][vc_row section_type=\u00bbfullwidth\u00bb padding_top_multiplier=\u00bb\u00bb padding_bottom_multiplier=\u00bb\u00bb columns_gap=\u00bbnone\u00bb margin_bottom=\u00bb0&#8243;][vc_column column_custom_position=\u00bbyes\u00bb position_top=\u00bbminus-6x\u00bb width=\u00bb1\/2&#8243; css=\u00bb.vc_custom_1671193377221{margin-top: 0px !important;padding-top: 0px !important;}\u00bb el_class=\u00bbcoluna-rabisco-sobre-01&#8243;][vc_raw_html el_class=\u00bbsvg-anim-sobre-01&#8243;]PCEtLT94bWwgdmVyc2lvbj0iMS4wIiBlbmNvZGluZz0iVVRGLTgiPy0tPjxzdmcgeG1sbnM9Imh0dHA6Ly93d3cudzMub3JnLzIwMDAvc3ZnIiBpZD0iTGluaGFfc29icmVfc3ZnXzAxIiBwcmVzZXJ2ZWFzcGVjdHJhdGlvPSJ4TWluWU1pbiBtZWV0IiB2aWV3Ym94PSIwIDAgMTI2MC4zMiA1MTUuNDEiIHdpZHRoPSIxMjYwLjMxOTk0NjI4OTA2MjUiIGhlaWdodD0iYXV0byI+PGRlZnM+PHN0eWxlPi5jbHMtMXtmaWxsOm5vbmU7c3Ryb2tlOiMxMGNmYzk7c3Ryb2tlLW1pdGVybGltaXQ6MTA7c3Ryb2tlLXdpZHRoOjEwcHg7c3Ryb2tlLWxpbmVjYXA6cm91bmQ7fTwvc3R5bGU+PC9kZWZzPjxnIGlkPSJMYXllcl8xLTIiPjxwYXRoIGNsYXNzPSJjbHMtMSBzdmctZWxlbS0xIiBkPSJNMTI2MC4yNSw1MTAuNDFjLTEwMi4zOC0xLjQ5LTIwNy42Mi02LjE0LTI4OC40MS02My45Mi0yOC43My0yMC41NS01MS4zOC01MS45NS01Ni4wOS04Ni45MS00LjcxLTM0Ljk2LDE2LjQ5LTc0LjgzLDUxLjI5LTgwLjc5LDI4LjY5LTQuOTEsNTguMTcsMTUuMjgsNjguNDMsNDIuNSwxMC4yNiwyNy4yMiwzLjM1LDU4LjkyLTEzLjI3LDgyLjc4LTE2LjYxLDIzLjg1LTQxLjgyLDQwLjYxLTY4LjUyLDUyLjE3LTcwLjk5LDMwLjc1LTEyMy42Miw1MC4zMS0yMTAuOTksNDcuMDQtODQuOC0zLjE3LTE1Ny45NS0zMC4yOS0yMTcuMzctNzkuODYtNDguNjgtNDAuNjItODIuNzItMTA3LjY3LTg3LjgxLTE1MS4zOC02Ljk5LTYwLjA4LDUuOC0xMjIuMjcsMzUuOTItMTc0LjcsMjIuNzQtMzkuNTgsNjUuMzktNzYuNzEsMTA5LjQ4LTg4Ljc2LDQ0LjA5LTEyLjA1LDg5LjYxLDYuODgsMTA5LjY3LDQ3LjkzLDE4LjQ0LDM3Ljc0LDQuMjksODUuMTYtMjQuMywxMTUuOS0yOC41OCwzMC43NC03Ni4yNyw1Ny45OC0xMTYuMjEsNzEuMDItMTIxLjg4LDM5LjgxLTI1Ny42MSwzMy4yLTM2Ny4zNy0xOS42QzEwMC43MiwxODMuNDIsNDQuNiwxMjAuMTgsMy40OSw4MC4wNCI+PC9wYXRoPjwvZz48L3N2Zz4=[\/vc_raw_html][\/vc_column][vc_column column_custom_position=\u00bbyes\u00bb position_top=\u00bbminus-6x\u00bb position_left=\u00bb1x\u00bb width=\u00bb1\/2&#8243; mobile_width=\u00bbhide\u00bb el_class=\u00bblogo-sobre\u00bb]<div class=\"grve-empty-space\" style=\"height: 25.8vw;\"><\/div><div class=\"grve-element grve-image grve-align-left\" style=\"\">  <div class=\"grve-image-wrapper\"><img loading=\"lazy\" decoding=\"async\" width=\"257\" height=\"196\" src=\"https:\/\/www.feelanimalwelfare.com\/wp-content\/uploads\/logo-sobre.webp\" class=\"attachment-full size-full\" alt=\"\" \/>   <\/div><\/div>[\/vc_column][\/vc_row][vc_row padding_top_multiplier=\u00bb\u00bb columns_gap=\u00bbnone\u00bb][vc_column width=\u00bb2\/3&#8243; heading_color=\u00bbprimary-1&#8243; css=\u00bb.vc_custom_1676307191404{background-position: center !important;background-repeat: no-repeat !important;background-size: contain !important;}\u00bb el_class=\u00bbpagina-sobre missao\u00bb]<h3 class=\"grve-element grve-title grve-align-left grve-h3 missao-valores-titulos grve-increase-heading grve-heading-140\" style=\"\"><span>Misi\u00f3n<\/span><\/h3>[vc_column_text]Nuestra prioridad es la creaci\u00f3n de una nueva generaci\u00f3n de nutrac\u00e9uticos para la salud y el bienestar animal, a trav\u00e9s de un modelo de negocio cimentado en la creaci\u00f3n y distribuci\u00f3n de valor sostenible.[\/vc_column_text][\/vc_column][vc_column width=\u00bb1\/3&#8243; mobile_width=\u00bbhide\u00bb][\/vc_column][\/vc_row][vc_row section_type=\u00bbfullwidth\u00bb padding_top_multiplier=\u00bb\u00bb padding_bottom_multiplier=\u00bb\u00bb columns_gap=\u00bbnone\u00bb section_id=\u00bbgrafismo_lotus_sobre_row\u00bb el_class=\u00bbrow-grafismo-sementes\u00bb][vc_column column_effect=\u00bbmouse-move-x-y\u00bb column_effect_sensitive=\u00bbnormal\u00bb column_effect_invert=\u00bbtrue\u00bb column_custom_position=\u00bbyes\u00bb position_top=\u00bbminus-3x\u00bb position_right=\u00bbminus-3x\u00bb width=\u00bb1\/4&#8243; mobile_width=\u00bb1-4&#8243; mobile_column_positions=\u00bbnone\u00bb text_align=\u00bbcenter\u00bb css=\u00bb.vc_custom_1678193838251{margin-bottom: -2vh !important;}\u00bb]<div class=\"grve-element grve-image grafismo-flor grve-align-left\" style=\"\">  <div class=\"grve-image-wrapper\"><img loading=\"lazy\" decoding=\"async\" width=\"280\" height=\"241\" src=\"https:\/\/www.feelanimalwelfare.com\/wp-content\/uploads\/cannabis-folha-sementes-oleo-04.webp\" class=\"attachment-full size-full\" alt=\"\" \/>   <\/div><\/div>[\/vc_column][vc_column width=\u00bb1\/4&#8243; mobile_width=\u00bb1-4&#8243;][\/vc_column][vc_column width=\u00bb1\/4&#8243; mobile_width=\u00bb1-4&#8243;][\/vc_column][vc_column width=\u00bb1\/4&#8243; mobile_width=\u00bb1-4&#8243;][\/vc_column][\/vc_row][vc_row desktop_visibility=\u00bbhide\u00bb tablet_visibility=\u00bbhide\u00bb tablet_sm_visibility=\u00bbhide\u00bb][vc_column]<div class=\"grve-empty-space grve-height-2x\" style=\"\"><\/div>[\/vc_column][\/vc_row][vc_row columns_gap=\u00bbnone\u00bb][vc_column width=\u00bb1\/3&#8243; mobile_width=\u00bbhide\u00bb][\/vc_column][vc_column width=\u00bb2\/3&#8243; heading_color=\u00bbprimary-2&#8243; css=\u00bb.vc_custom_1676307395699{background-position: center !important;background-repeat: no-repeat !important;background-size: contain !important;}\u00bb el_class=\u00bbpagina-sobre visao\u00bb]<h3 class=\"grve-element grve-title grve-align-right grve-h3 missao-valores-titulos grve-increase-heading grve-heading-140\" style=\"\"><span>Visi\u00f3n<\/span><\/h3>[vc_column_text]Queremos reforzar nuestro liderazgo en el mercado nacional e internacional apostando por la sostenibilidad e innovaci\u00f3n del negocio a fin de garantizar la satisfacci\u00f3n de nuestros clientes.<\/p>\n<p>Estamos comprometidos con la excelencia de nuestros productos y, por ello, afrontamos el futuro con responsabilidad y respeto.[\/vc_column_text][\/vc_column][\/vc_row][vc_row padding_top_multiplier=\u00bb\u00bb padding_bottom_multiplier=\u00bb\u00bb columns_gap=\u00bbnone\u00bb section_id=\u00bbgrafismo_lotus_sobre_row\u00bb][vc_column width=\u00bb1\/2&#8243;][\/vc_column][vc_column column_effect=\u00bbmouse-move-x-y\u00bb column_effect_sensitive=\u00bbnormal\u00bb column_custom_position=\u00bbyes\u00bb position_top=\u00bbminus-3x\u00bb position_right=\u00bbminus-2x\u00bb width=\u00bb1\/2&#8243; mobile_column_positions=\u00bbnone\u00bb text_align=\u00bbright\u00bb css=\u00bb.vc_custom_1679314382309{margin-bottom: -10vh !important;}\u00bb]<div class=\"grve-element grve-image grafismo-flor grve-align-right\" style=\"\">  <div class=\"grve-image-wrapper\"><img loading=\"lazy\" decoding=\"async\" width=\"280\" height=\"241\" src=\"https:\/\/www.feelanimalwelfare.com\/wp-content\/uploads\/elemento-01-flor.webp\" class=\"attachment-full size-full\" alt=\"\" \/>   <\/div><\/div>[\/vc_column][\/vc_row][vc_row columns_gap=\u00bbnone\u00bb][vc_column width=\u00bb2\/3&#8243; heading_color=\u00bbprimary-1&#8243; css=\u00bb.vc_custom_1676307296358{background-position: center !important;background-repeat: no-repeat !important;background-size: contain !important;}\u00bb el_class=\u00bbpagina-sobre valores\u00bb]<h3 class=\"grve-element grve-title grve-align-left grve-h3 missao-valores-titulos grve-increase-heading grve-heading-140\" style=\"\"><span>Valores<\/span><\/h3>[vc_column_text]CALIDAD \u00b7 SOSTENIBILIDAD \u00b7 INNOVACI\u00d3N \u00b7 EMOCI\u00d3N<\/p>\n<p>Nuestros valores reflejan c\u00f3mo deseamos actuar en el mercado con una gama de productos nutrac\u00e9uticos: intentando diferenciarnos y acercarnos a la salud y el bienestar de los animales de compa\u00f1\u00eda.<\/p>\n<p>La calidad y la sostenibilidad est\u00e1n presentes en toda la gama FEEL gracias a una composici\u00f3n, cuidadosamente estudiada, probada y producida en un entorno de GMP (buenas pr\u00e1cticas de fabricaci\u00f3n) a base de sustancias naturales, plantas y vitaminas.<br \/>\nGracias a la innovaci\u00f3n, podemos ofrecer una gama con ingredientes diferenciadores y procesados con m\u00e9todos y equipos de \u00faltima generaci\u00f3n.<br \/>\nLa emoci\u00f3n est\u00e1 presente en toda la comunicaci\u00f3n de la marca y es lo que nos permite estar m\u00e1s cerca de cada animal de compa\u00f1\u00eda.<\/p>\n<p>Creemos que estos valores nos permiten satisfacer las necesidades de los veterinarios y de los tutores.[\/vc_column_text][\/vc_column][vc_column width=\u00bb1\/3&#8243; mobile_width=\u00bbhide\u00bb][\/vc_column][\/vc_row][vc_row padding_top_multiplier=\u00bb\u00bb padding_bottom_multiplier=\u00bb\u00bb columns_gap=\u00bbnone\u00bb el_class=\u00bbgrafismo-flutuante\u00bb][vc_column column_effect=\u00bbmouse-move-x-y\u00bb column_effect_invert=\u00bbtrue\u00bb column_custom_position=\u00bbyes\u00bb position_top=\u00bbminus-4x\u00bb position_left=\u00bbminus-1x\u00bb width=\u00bb1\/2&#8243; el_class=\u00bbgrafismo-esq\u00bb]<div class=\"grve-element grve-image folha-about grve-align-left\" style=\"\">  <div class=\"grve-image-wrapper\"><img loading=\"lazy\" decoding=\"async\" width=\"506\" height=\"362\" src=\"https:\/\/www.feelanimalwelfare.com\/wp-content\/uploads\/Propolis-mel-02.webp\" class=\"attachment-full size-full\" alt=\"\" srcset=\"https:\/\/www.feelanimalwelfare.com\/wp-content\/uploads\/Propolis-mel-02.webp 506w, https:\/\/www.feelanimalwelfare.com\/wp-content\/uploads\/Propolis-mel-02-300x215.webp 300w\" sizes=\"auto, (max-width: 506px) 100vw, 506px\" \/>   <\/div><\/div>[\/vc_column][vc_column width=\u00bb1\/2&#8243;][\/vc_column][\/vc_row][vc_row padding_top_multiplier=\u00bb2x\u00bb padding_bottom_multiplier=\u00bb2x\u00bb][vc_column width=\u00bb1\/2&#8243;][\/vc_column][vc_column width=\u00bb1\/2&#8243;]<div class=\"grve-element grve-align-center grve-animated-item grve-fade-in grve-duration-normal botao-saber-mais\" data-delay=\"200\"><a href=\"https:\/\/feelanimalwelfare.com\/es\/productos\/\" class=\"grve-btn grve-btn-extralarge grve-btn-underline grve-text-primary-4 grve-text-hover-primary-4\"><span>Descubra nuestros productos<span class=\"grve-btn-bottom-line grve-bg-primary-4\"><\/span><\/span><\/a><\/div>[\/vc_column][\/vc_row]<\/p>\n<\/section>","protected":false},"excerpt":{"rendered":"<p>[vc_row heading_color=\u00bbprimary-1&#8243; bg_type=\u00bbcolor\u00bb padding_bottom_multiplier=\u00bb\u00bb bg_color=\u00bbrgba(255,255,255,0.01)\u00bb][vc_column text_align=\u00bbcenter\u00bb css=\u00bb.vc_custom_1670580740011{padding-right: 5% !important;padding-left: 5% !important;}\u00bb][vc_column_text el_class=\u00bbintro\u00bb]De nuestra pasi\u00f3n por los animales, nace FEEL\u00ae ANIMAL WELFARE, centrada en el desarrollo de una nueva generaci\u00f3n de nutrac\u00e9uticos para la salud y el bienestar animal.[\/vc_column_text][\/vc_column][vc_column][vc_row_inner el_class=\u00bbintro-colunas-just\u00bb][vc_column_inner width=\u00bb1\/2&#8243;][vc_column_text]Aprovechamos los ingredientes que la naturaleza pone a nuestra disposici\u00f3n y nos hemos aliado con una [&hellip;]<\/p>\n","protected":false},"author":1,"featured_media":0,"parent":0,"menu_order":0,"comment_status":"closed","ping_status":"closed","template":"","meta":{"_acf_changed":false,"inline_featured_image":false,"footnotes":""},"class_list":["post-1609","page","type-page","status-publish","hentry"],"acf":[],"yoast_head":"<!-- This site is optimized with the Yoast SEO plugin v23.4 - https:\/\/yoast.com\/wordpress\/plugins\/seo\/ -->\n<title>Sobre | Feel<\/title>\n<meta name=\"robots\" content=\"index, follow, max-snippet:-1, max-image-preview:large, max-video-preview:-1\" \/>\n<link rel=\"canonical\" href=\"https:\/\/www.feelanimalwelfare.com\/es\/sobre\/\" \/>\n<meta property=\"og:locale\" content=\"es_ES\" \/>\n<meta property=\"og:type\" content=\"article\" \/>\n<meta property=\"og:title\" content=\"Sobre | Feel\" \/>\n<meta property=\"og:description\" content=\"[vc_row heading_color=\u00bbprimary-1&#8243; bg_type=\u00bbcolor\u00bb padding_bottom_multiplier=\u00bb\u00bb bg_color=\u00bbrgba(255,255,255,0.01)\u00bb][vc_column text_align=\u00bbcenter\u00bb css=\u00bb.vc_custom_1670580740011{padding-right: 5% !important;padding-left: 5% !important;}\u00bb][vc_column_text el_class=\u00bbintro\u00bb]De nuestra pasi\u00f3n por los animales, nace FEEL\u00ae ANIMAL WELFARE, centrada en el desarrollo de una nueva generaci\u00f3n de nutrac\u00e9uticos para la salud y el bienestar animal.[\/vc_column_text][\/vc_column][vc_column][vc_row_inner el_class=\u00bbintro-colunas-just\u00bb][vc_column_inner width=\u00bb1\/2&#8243;][vc_column_text]Aprovechamos los ingredientes que la naturaleza pone a nuestra disposici\u00f3n y nos hemos aliado con una [&hellip;]\" \/>\n<meta property=\"og:url\" content=\"https:\/\/www.feelanimalwelfare.com\/es\/sobre\/\" \/>\n<meta property=\"og:site_name\" content=\"Feel\" \/>\n<meta property=\"article:publisher\" content=\"https:\/\/www.facebook.com\/feelanimalwelfare\" \/>\n<meta property=\"article:modified_time\" content=\"2023-05-03T16:15:28+00:00\" \/>\n<meta property=\"og:image\" content=\"https:\/\/www.feelanimalwelfare.com\/wp-content\/uploads\/Yoast-imagem-default.webp\" \/>\n\t<meta property=\"og:image:width\" content=\"1200\" \/>\n\t<meta property=\"og:image:height\" content=\"675\" \/>\n\t<meta property=\"og:image:type\" content=\"image\/webp\" \/>\n<meta name=\"twitter:card\" content=\"summary_large_image\" \/>\n<meta name=\"twitter:label1\" content=\"Tiempo de lectura\" \/>\n\t<meta name=\"twitter:data1\" content=\"7 minutos\" \/>\n<script type=\"application\/ld+json\" class=\"yoast-schema-graph\">{\"@context\":\"https:\/\/schema.org\",\"@graph\":[{\"@type\":\"WebPage\",\"@id\":\"https:\/\/www.feelanimalwelfare.com\/es\/sobre\/\",\"url\":\"https:\/\/www.feelanimalwelfare.com\/es\/sobre\/\",\"name\":\"Sobre | Feel\",\"isPartOf\":{\"@id\":\"https:\/\/www.feelanimalwelfare.com\/es\/#website\"},\"datePublished\":\"2022-12-09T09:58:20+00:00\",\"dateModified\":\"2023-05-03T16:15:28+00:00\",\"breadcrumb\":{\"@id\":\"https:\/\/www.feelanimalwelfare.com\/es\/sobre\/#breadcrumb\"},\"inLanguage\":\"es\",\"potentialAction\":[{\"@type\":\"ReadAction\",\"target\":[\"https:\/\/www.feelanimalwelfare.com\/es\/sobre\/\"]}]},{\"@type\":\"BreadcrumbList\",\"@id\":\"https:\/\/www.feelanimalwelfare.com\/es\/sobre\/#breadcrumb\",\"itemListElement\":[{\"@type\":\"ListItem\",\"position\":1,\"name\":\"In\u00edcio\",\"item\":\"https:\/\/www.feelanimalwelfare.com\/es\/homepage\/\"},{\"@type\":\"ListItem\",\"position\":2,\"name\":\"Sobre\"}]},{\"@type\":\"WebSite\",\"@id\":\"https:\/\/www.feelanimalwelfare.com\/es\/#website\",\"url\":\"https:\/\/www.feelanimalwelfare.com\/es\/\",\"name\":\"Feel - Animal Welfare\",\"description\":\"The Natural &amp; Healthy Choice\",\"publisher\":{\"@id\":\"https:\/\/www.feelanimalwelfare.com\/es\/#organization\"},\"alternateName\":\"Feel\",\"potentialAction\":[{\"@type\":\"SearchAction\",\"target\":{\"@type\":\"EntryPoint\",\"urlTemplate\":\"https:\/\/www.feelanimalwelfare.com\/es\/?s={search_term_string}\"},\"query-input\":{\"@type\":\"PropertyValueSpecification\",\"valueRequired\":true,\"valueName\":\"search_term_string\"}}],\"inLanguage\":\"es\"},{\"@type\":\"Organization\",\"@id\":\"https:\/\/www.feelanimalwelfare.com\/es\/#organization\",\"name\":\"Feel - Animal Welfare, S.A.\",\"url\":\"https:\/\/www.feelanimalwelfare.com\/es\/\",\"logo\":{\"@type\":\"ImageObject\",\"inLanguage\":\"es\",\"@id\":\"https:\/\/www.feelanimalwelfare.com\/es\/#\/schema\/logo\/image\/\",\"url\":\"https:\/\/feelanimalwelfare.com\/wp-content\/uploads\/feel-logo-header-retina_1.png\",\"contentUrl\":\"https:\/\/feelanimalwelfare.com\/wp-content\/uploads\/feel-logo-header-retina_1.png\",\"width\":473,\"height\":252,\"caption\":\"Feel - Animal Welfare, S.A.\"},\"image\":{\"@id\":\"https:\/\/www.feelanimalwelfare.com\/es\/#\/schema\/logo\/image\/\"},\"sameAs\":[\"https:\/\/www.facebook.com\/feelanimalwelfare\",\"https:\/\/www.instagram.com\/feelanimalwelfare\/\",\"https:\/\/www.linkedin.com\/company\/feel-animal-welfare\/\",\"https:\/\/www.youtube.com\/@feelanimalwelfare\"]}]}<\/script>\n<!-- \/ Yoast SEO plugin. -->","yoast_head_json":{"title":"Sobre | Feel","robots":{"index":"index","follow":"follow","max-snippet":"max-snippet:-1","max-image-preview":"max-image-preview:large","max-video-preview":"max-video-preview:-1"},"canonical":"https:\/\/www.feelanimalwelfare.com\/es\/sobre\/","og_locale":"es_ES","og_type":"article","og_title":"Sobre | Feel","og_description":"[vc_row heading_color=\u00bbprimary-1&#8243; bg_type=\u00bbcolor\u00bb padding_bottom_multiplier=\u00bb\u00bb bg_color=\u00bbrgba(255,255,255,0.01)\u00bb][vc_column text_align=\u00bbcenter\u00bb css=\u00bb.vc_custom_1670580740011{padding-right: 5% !important;padding-left: 5% !important;}\u00bb][vc_column_text el_class=\u00bbintro\u00bb]De nuestra pasi\u00f3n por los animales, nace FEEL\u00ae ANIMAL WELFARE, centrada en el desarrollo de una nueva generaci\u00f3n de nutrac\u00e9uticos para la salud y el bienestar animal.[\/vc_column_text][\/vc_column][vc_column][vc_row_inner el_class=\u00bbintro-colunas-just\u00bb][vc_column_inner width=\u00bb1\/2&#8243;][vc_column_text]Aprovechamos los ingredientes que la naturaleza pone a nuestra disposici\u00f3n y nos hemos aliado con una [&hellip;]","og_url":"https:\/\/www.feelanimalwelfare.com\/es\/sobre\/","og_site_name":"Feel","article_publisher":"https:\/\/www.facebook.com\/feelanimalwelfare","article_modified_time":"2023-05-03T16:15:28+00:00","og_image":[{"width":1200,"height":675,"url":"https:\/\/www.feelanimalwelfare.com\/wp-content\/uploads\/Yoast-imagem-default.webp","type":"image\/webp"}],"twitter_card":"summary_large_image","twitter_misc":{"Tiempo de lectura":"7 minutos"},"schema":{"@context":"https:\/\/schema.org","@graph":[{"@type":"WebPage","@id":"https:\/\/www.feelanimalwelfare.com\/es\/sobre\/","url":"https:\/\/www.feelanimalwelfare.com\/es\/sobre\/","name":"Sobre | Feel","isPartOf":{"@id":"https:\/\/www.feelanimalwelfare.com\/es\/#website"},"datePublished":"2022-12-09T09:58:20+00:00","dateModified":"2023-05-03T16:15:28+00:00","breadcrumb":{"@id":"https:\/\/www.feelanimalwelfare.com\/es\/sobre\/#breadcrumb"},"inLanguage":"es","potentialAction":[{"@type":"ReadAction","target":["https:\/\/www.feelanimalwelfare.com\/es\/sobre\/"]}]},{"@type":"BreadcrumbList","@id":"https:\/\/www.feelanimalwelfare.com\/es\/sobre\/#breadcrumb","itemListElement":[{"@type":"ListItem","position":1,"name":"In\u00edcio","item":"https:\/\/www.feelanimalwelfare.com\/es\/homepage\/"},{"@type":"ListItem","position":2,"name":"Sobre"}]},{"@type":"WebSite","@id":"https:\/\/www.feelanimalwelfare.com\/es\/#website","url":"https:\/\/www.feelanimalwelfare.com\/es\/","name":"Feel - Animal Welfare","description":"The Natural &amp; Healthy Choice","publisher":{"@id":"https:\/\/www.feelanimalwelfare.com\/es\/#organization"},"alternateName":"Feel","potentialAction":[{"@type":"SearchAction","target":{"@type":"EntryPoint","urlTemplate":"https:\/\/www.feelanimalwelfare.com\/es\/?s={search_term_string}"},"query-input":{"@type":"PropertyValueSpecification","valueRequired":true,"valueName":"search_term_string"}}],"inLanguage":"es"},{"@type":"Organization","@id":"https:\/\/www.feelanimalwelfare.com\/es\/#organization","name":"Feel - Animal Welfare, S.A.","url":"https:\/\/www.feelanimalwelfare.com\/es\/","logo":{"@type":"ImageObject","inLanguage":"es","@id":"https:\/\/www.feelanimalwelfare.com\/es\/#\/schema\/logo\/image\/","url":"https:\/\/feelanimalwelfare.com\/wp-content\/uploads\/feel-logo-header-retina_1.png","contentUrl":"https:\/\/feelanimalwelfare.com\/wp-content\/uploads\/feel-logo-header-retina_1.png","width":473,"height":252,"caption":"Feel - Animal Welfare, S.A."},"image":{"@id":"https:\/\/www.feelanimalwelfare.com\/es\/#\/schema\/logo\/image\/"},"sameAs":["https:\/\/www.facebook.com\/feelanimalwelfare","https:\/\/www.instagram.com\/feelanimalwelfare\/","https:\/\/www.linkedin.com\/company\/feel-animal-welfare\/","https:\/\/www.youtube.com\/@feelanimalwelfare"]}]}},"_links":{"self":[{"href":"https:\/\/www.feelanimalwelfare.com\/es\/wp-json\/wp\/v2\/pages\/1609","targetHints":{"allow":["GET"]}}],"collection":[{"href":"https:\/\/www.feelanimalwelfare.com\/es\/wp-json\/wp\/v2\/pages"}],"about":[{"href":"https:\/\/www.feelanimalwelfare.com\/es\/wp-json\/wp\/v2\/types\/page"}],"author":[{"embeddable":true,"href":"https:\/\/www.feelanimalwelfare.com\/es\/wp-json\/wp\/v2\/users\/1"}],"replies":[{"embeddable":true,"href":"https:\/\/www.feelanimalwelfare.com\/es\/wp-json\/wp\/v2\/comments?post=1609"}],"version-history":[{"count":0,"href":"https:\/\/www.feelanimalwelfare.com\/es\/wp-json\/wp\/v2\/pages\/1609\/revisions"}],"wp:attachment":[{"href":"https:\/\/www.feelanimalwelfare.com\/es\/wp-json\/wp\/v2\/media?parent=1609"}],"curies":[{"name":"wp","href":"https:\/\/api.w.org\/{rel}","templated":true}]}}