{"id":1649,"date":"2023-03-08T08:41:39","date_gmt":"2023-03-08T08:41:39","guid":{"rendered":"https:\/\/feelanimalwelfare.com\/politica-de-privacidad-y-de-cookies\/"},"modified":"2023-05-03T15:23:24","modified_gmt":"2023-05-03T15:23:24","slug":"politica-de-privacidad-y-de-cookies","status":"publish","type":"page","link":"https:\/\/www.feelanimalwelfare.com\/es\/politica-de-privacidad-y-de-cookies\/","title":{"rendered":"Pol\u00edtica de privacidad y de cookies"},"content":{"rendered":"<section class=\"wpb-content-wrapper\"><p>[vc_row heading_color=\u00bbprimary-1&#8243; bg_type=\u00bbcolor\u00bb padding_bottom_multiplier=\u00bb\u00bb bg_color=\u00bbrgba(255,255,255,0.01)\u00bb][vc_column text_align=\u00bbcenter\u00bb css=\u00bb.vc_custom_1670580740011{padding-right: 5% !important;padding-left: 5% !important;}\u00bb]<h3 class=\"grve-element grve-title grve-align-inherit grve-h3 grve-custom-font-1 grve-increase-heading grve-heading-120\" style=\"\"><span>Pol\u00edtica de privacidad y de cookies<\/span><\/h3><div class=\"grve-empty-space grve-height-1x\" style=\"\"><\/div>[vc_column_text el_class=\u00bbintro\u00bb]<strong>FEEL \u2013 ANIMAL WELFARE, S.A.<\/strong> (en adelante, <strong>FEEL<\/strong>) desea garantizar y proteger la privacidad de los usuarios, as\u00ed como cumplir sus obligaciones legales.[\/vc_column_text][\/vc_column][\/vc_row][vc_row padding_top_multiplier=\u00bb3x\u00bb padding_bottom_multiplier=\u00bb4x\u00bb][vc_column mobile_text_align=\u00bbcenter\u00bb][vc_column_text]FEEL se compromete a proteger los datos personales que le son confiados, para lo cual establece un deber de informaci\u00f3n y un compromiso de transparencia con respecto al cumplimiento de la legislaci\u00f3n vigente en materia de protecci\u00f3n de datos.<\/p>\n<p>Por ello, total la informaci\u00f3n de car\u00e1cter personal ser\u00e1 tratada y protegida de manera diligente, y siempre en cumplimiento de la legislaci\u00f3n aplicable, concretamente del Reglamento UE 2016\/679, Reglamento General de Protecci\u00f3n de Datos (en adelante, RGPD).<\/p>\n<p>La presente Pol\u00edtica de Privacidad y Cookies establece el tratamiento de cualquier dato de car\u00e1cter personal que sea facilitado durante el uso del sitio web de FEEL, as\u00ed como de la informaci\u00f3n procesada en calidad de usuario del sitio web de FEEL.[\/vc_column_text]<div class=\"grve-empty-space grve-height-2x\" style=\"\"><\/div><h3 class=\"grve-element grve-title grve-align-inherit grve-h4\" style=\"\"><span>1. Informaci\u00f3n recogida<\/span><\/h3>[vc_column_text]<\/p>\n<h5>1.1 \u2013 Informaci\u00f3n facilitada por el usuario:<\/h5>\n<p>FEEL respeta su derecho a la privacidad y en este sitio web no recoge datos de car\u00e1cter personal sobre usted sin que usted haya expresado su consentimiento.<\/p>\n<p>La interacci\u00f3n con esta p\u00e1gina no exige ninguna informaci\u00f3n del usuario, excepto cuando, para las finalidades expresamente indicadas, sea necesario el registro y este sea autorizado por el usuario de conformidad con lo dispuesto a continuaci\u00f3n.<\/p>\n<p>Cuando visite el sitio web, se le podr\u00e1n solicitar datos personales como su nombre o su e-mail, entre otros.<\/p>\n<h5>1.2 \u2013 Informaci\u00f3n procesada autom\u00e1ticamente:<\/h5>\n<p>Las cookies son paquetes de datos que un sitio web env\u00eda a su ordenador mientras est\u00e1 visitando ese sitio web. Estos archivos de datos incluyen informaci\u00f3n que permiten memorizar datos importantes que har\u00e1n que su navegaci\u00f3n sea m\u00e1s eficiente y \u00fatil. Este sitio web utiliza cookies para varias finalidades, como obtener datos de car\u00e1cter no personal de los visitantes online.<\/p>\n<p>Siempre que acceda al sitio web www.feelanimalwelfare.com, en la memoria de su dispositivo quedar\u00e1 registrada una cookie. Una cookie es un paquete de datos que nuestro sitio web env\u00eda a su dispositivo mientras lo est\u00e1 visitando. La cookie incluye informaci\u00f3n que permite memorizar datos importantes que har\u00e1n que su navegaci\u00f3n sea m\u00e1s eficiente y \u00fatil.<\/p>\n<p>En cualquier momento, el usuario puede configurar su dispositivo para aceptar, rechazar o eliminar las cookies. Para ello, deber\u00e1 seleccionar los ajustes adecuados en el navegador correspondiente. Puede configurar las cookies en el men\u00fa &#8216;Opciones&#8217; o &#8216;Ajustes&#8217; de su navegador. No obstante, tenga en cuenta que, al desactivar las cookies, la navegaci\u00f3n de nuestro sitio web puede empeorar.<\/p>\n<p>Las cookies ayudan a establecer la utilidad, el inter\u00e9s y el n\u00famero de visitas de los sitios web, lo que permite navegar de una manera m\u00e1s r\u00e1pida y eficiente, pues elimina la necesidad de introducir varias veces los mismos datos.<\/p>\n<p>Las cookies que utiliza FEEL son: cookies anal\u00edticas, que se utilizan de manera an\u00f3mica con la finalidad de crear y analizar estad\u00edsticas para mejorar el funcionamiento del sitio web; cookies funcionales, que almacenan los ajustes del usuario sobre el uso que este hace del sitio web, para que no tenga que configurarlo cada vez que lo visite, y cookies de terceros, que miden el \u00e9xito de las aplicaciones y la eficacia de la publicidad de terceros. Tambi\u00e9n se pueden utilizar para personalizar un widget con datos del usuario.<\/p>\n<h5>1.3 \u2013 \u00bfCon qu\u00e9 finalidad utilizamos las cookies?<\/h5>\n<p><strong>Cookies estrictamente necesarias:<\/strong> Permiten navegar por el sitio web y utilizar sus aplicaciones, as\u00ed como acceder a las zonas seguras del sitio web. Sin estas cookies, no se podr\u00e1n prestar los servicios solicitados.<\/p>\n<p><strong>Cookies de terceros:<\/strong> Miden el \u00e9xito de las aplicaciones y la eficacia de la publicidad de terceros. Tambi\u00e9n se pueden utilizar para personalizar un widget con datos del usuario.<\/p>\n<p><strong>Cookies de sesi\u00f3n:<\/strong> Son cookies temporales que permanecen en el archivo de cookies de su navegador cuando abandona el sitio web. La informaci\u00f3n obtenida por estas cookies sirve para analizar patrones de tr\u00e1fico en el sitio web, lo que nos permite identificar problemas y ofrecer una mejor experiencia de navegaci\u00f3n.<\/p>\n<p>No obstante, debe tener en cuenta que, al desactivar las cookies, puede impedir que algunos servicios de la web funcionen correctamente, lo cual afectar\u00e1, total o parcialmente, a la navegaci\u00f3n del sitio web.<\/p>\n<p>Si desea m\u00e1s informaci\u00f3n sobre cookies, sobre c\u00f3mo impedir su instalaci\u00f3n o sobre c\u00f3mo borrar las cookies de su disco duro, visite <a href=\"http:\/\/www.allaboutcookies.org\">http:\/\/www.allaboutcookies.org.<\/a><\/p>\n<p>Encontrar\u00e1 informaci\u00f3n sobre la configuraci\u00f3n de cookies en su navegador de internet en las siguientes direcciones:<\/p>\n<ul>\n<li>Internet Explorer <a href=\"http:\/\/support.microsoft.com\/kb\/278835\">http:\/\/support.microsoft.com\/kb\/278835<\/a><\/li>\n<li>Chrome <a href=\"https:\/\/www.google.com\/chrome\/intl\/en-GB\/more\/privacy.html\">https:\/\/www.google.com\/chrome\/intl\/en-GB\/more\/privacy.html<\/a><\/li>\n<li>Firefox <a href=\"http:\/\/support.mozilla.org\/en-US\/kb\/Clear%20Recent%20History\">http:\/\/support.mozilla.org\/en-US\/kb\/Clear%20Recent%20History<\/a><\/li>\n<li>Safari <a href=\"http:\/\/support.apple.com\/kb\/PH5042\">http:\/\/support.apple.com\/kb\/PH5042<\/a><\/li>\n<li>Opera <a href=\"http:\/\/www.opera.com\/browser\/tutorials\/security\/privacy\/\">http:\/\/www.opera.com\/browser\/tutorials\/security\/privacy\/<\/a><\/li>\n<\/ul>\n<p>[\/vc_column_text]<div class=\"grve-empty-space grve-height-1x\" style=\"\"><\/div><h3 class=\"grve-element grve-title grve-align-inherit grve-h4\" style=\"\"><span>2. Finalidad del tratamiento de datos personales<\/span><\/h3>[vc_column_text]<\/p>\n<h5>2.1 \u2013 Contacto para informaci\u00f3n de car\u00e1cter general:<\/h5>\n<p>FEEL es la entidad responsable de la recogida y del tratamiento de los datos personales obtenidos a trav\u00e9s del sitio web www.feelanimalwelfare.com. La finalidad del tratamiento de sus datos personales se relaciona con la necesidad de dar el debido seguimiento y de procesar sus sugerencias, preguntas, solicitudes de informaci\u00f3n o pedidos.<\/p>\n<h5>2.2 \u2013 Empresas asociadas que utilizan datos personales para sus propias finalidades de marketing<\/h5>\n<p>FEEL no cede ni vende datos personales de sus clientes a empresas de terceros con fines de marketing, excepto en los casos en los que el cliente haya mostrado su consentimiento expreso.<\/p>\n<p>Los datos tratados en estos \u00e1mbitos se almacenan durante el tiempo necesario para la resoluci\u00f3n de la duda planteada, \u00fanicamente con la intenci\u00f3n de evaluar la calidad del servicio prestado por FEEL.<\/p>\n<p>De este modo, FEEL, en calidad de responsable del tratamiento:<\/p>\n<ul>\n<li>Garantiza que el tratamiento de sus datos personales \u00fanicamente se lleva a cabo en el \u00e1mbito de las finalidades para las cuales estos fueron recogidos o para finalidades compatibles con aquellas;<\/li>\n<li>Recoge, utiliza y almacena \u00fanicamente los datos personales m\u00ednimos, necesarios y suficientes para la finalidad en cuesti\u00f3n;<\/li>\n<li>Trata los datos personales para las finalidades previstas legalmente o para la prestaci\u00f3n de los servicios que haya solicitado.<\/li>\n<\/ul>\n<p>[\/vc_column_text]<div class=\"grve-empty-space grve-height-1x\" style=\"\"><\/div><h3 class=\"grve-element grve-title grve-align-inherit grve-h4\" style=\"\"><span>3. Comunicaci\u00f3n de datos<\/span><\/h3>[vc_column_text]FEEL puede comunicar a empresas subcontratadas los datos de los usuarios, siendo siempre la responsable de su procesamiento. De nuevo, ponemos de manifiesto que las entidades subcontratadas por FEEL cuentan con nuestra total confianza, lo que sirve como garant\u00eda para salvaguardar sus datos.<\/p>\n<p>FEEL, en el \u00e1mbito de desarrollo de su actividad, podr\u00e1 recurrir a terceros para la prestaci\u00f3n de determinados servicios. A veces, la prestaci\u00f3n de esos servicios implica que estas entidades accedan a datos personales de nuestros usuarios. Cuando esto sucede, FEEL toma las medidas necesarias para garantizar que las entidades que accedan a los datos sean de reconocido prestigio y ofrezcan las garant\u00edas necesarias para ello, lo que quedar\u00e1 debidamente establecido y estipulado en un contrato firmado por FEEL y las entidades de terceros.<\/p>\n<p>De este modo, cualquier entidad subcontratada por FEEL tratar\u00e1 los datos personales de nuestros clientes en nombre y representaci\u00f3n de FEEL, lo que les obliga a adoptar las medidas t\u00e9cnicas y organizativas necesarias para proteger los datos personales frente a destrucci\u00f3n, accidental o il\u00edcita, p\u00e9rdida accidental, modificaci\u00f3n, difusi\u00f3n o acceso no autorizado, as\u00ed como contra cualquier otra forma de tratamiento il\u00edcito.<\/p>\n<p>En cualquier caso, FEEL es la responsable de los datos personales que nos facilite.[\/vc_column_text]<div class=\"grve-empty-space grve-height-1x\" style=\"\"><\/div><h3 class=\"grve-element grve-title grve-align-inherit grve-h4\" style=\"\"><span>4. Sus derechos<\/span><\/h3>[vc_column_text]En todo momento, y de conformidad con la legislaci\u00f3n vigente, el usuario puede ejercer, directamente y por iniciativa propia, los siguientes derechos: derecho a ser informado; derecho de acceso; derecho de rectificaci\u00f3n; derecho de eliminaci\u00f3n; derecho de oposici\u00f3n a acciones de marketing directo, incluida la creaci\u00f3n de perfiles; derecho de oposici\u00f3n al tratamiento en base a intereses leg\u00edtimos; derecho de portabilidad de los datos; derecho de restricci\u00f3n y derecho de denuncia ante la autoridad supervisora.<\/p>\n<p>Para que pueda ejercer estos derechos de forma efectiva, cont\u00e1ctenos por e-mail a trav\u00e9s de la direcci\u00f3n geral@feel-aw.com o por correo postal dirigido a FEEL \u2013 ANIMAL WELFARE, S.A., Rua D, Zona Industrial Casal dos Frades, Lote 98\/99, 2435 \u2013 661 Sei\u00e7a. Si desea denunciar ante una autoridad supervisora, cont\u00e1ctenos antes para que podamos preparar las diligencias necesarias al efecto.[\/vc_column_text]<div class=\"grve-empty-space grve-height-1x\" style=\"\"><\/div><h3 class=\"grve-element grve-title grve-align-inherit grve-h4\" style=\"\"><span>5. Seguridad de los datos<\/span><\/h3>[vc_column_text]FEEL garantiza las medidas de seguridad t\u00e9cnica y organizativa para garantizar la protecci\u00f3n y confidencialidad de los datos recogidos a trav\u00e9s de su sitio web. No obstante, y puesto que es imposible garantizar la seguridad absoluta de cualquier dato remitido a trav\u00e9s de internet (red abierta), existe el riesgo de que terceros accedan a los datos sin autorizaci\u00f3n. Sin embargo, incluso en esta circunstancia, FEEL adopta y pone en pr\u00e1ctica de forma continuada mecanismos de seguridad que permitan proteger los datos personales recogidos.[\/vc_column_text]<div class=\"grve-empty-space grve-height-1x\" style=\"\"><\/div><h3 class=\"grve-element grve-title grve-align-inherit grve-h4\" style=\"\"><span>6. A qui\u00e9n se aplica esta pol\u00edtica<\/span><\/h3>[vc_column_text]Nuestra pol\u00edtica de privacidad se aplica a todos nuestros colaboradores, clientes, potenciales clientes que visiten el sitio web y a todos los servicios prestados por nosotros.[\/vc_column_text]<div class=\"grve-empty-space grve-height-1x\" style=\"\"><\/div><h3 class=\"grve-element grve-title grve-align-inherit grve-h4\" style=\"\"><span>7. Revisi\u00f3n de los t\u00e9rminos de la pol\u00edtica de privacidad<\/span><\/h3>[vc_column_text]Cuando utiliza el sitio web de FEEL, muestra su conformidad con la recogida y utilizaci\u00f3n de sus datos, en virtud de y de conformidad con las condiciones establecidas en la presente pol\u00edtica de privacidad y de cookies. FEEL podr\u00e1, en cualquier momento y sin previo aviso, modificar las presentes condiciones. En ese caso, las modificaciones se publicar\u00e1n en el sitio web de FEEL.<\/p>\n<p>Si as\u00ed lo desea, puede solicitar m\u00e1s informaci\u00f3n sobre la pol\u00edtica de privacidad y de cookies en la direcci\u00f3n geral@feel-aw.com. Cuando se registre en el sitio web de FEEL, el usuario deber\u00e1 prestar su consentimiento expreso, libre e informado para que sus datos personales sean recogidos y tratados, para las finalidades y de conformidad con las condiciones mencionadas anteriormente, y deber\u00e1 declarar que los datos facilitados no contienen omisiones y son ver\u00eddicos.[\/vc_column_text][\/vc_column][\/vc_row]<\/p>\n<\/section>","protected":false},"excerpt":{"rendered":"<p>[vc_row heading_color=\u00bbprimary-1&#8243; bg_type=\u00bbcolor\u00bb padding_bottom_multiplier=\u00bb\u00bb bg_color=\u00bbrgba(255,255,255,0.01)\u00bb][vc_column text_align=\u00bbcenter\u00bb css=\u00bb.vc_custom_1670580740011{padding-right: 5% !important;padding-left: 5% !important;}\u00bb][vc_column_text el_class=\u00bbintro\u00bb]FEEL \u2013 ANIMAL WELFARE, S.A. (en adelante, FEEL) desea garantizar y proteger la privacidad de los usuarios, as\u00ed como cumplir sus obligaciones legales.[\/vc_column_text][\/vc_column][\/vc_row][vc_row padding_top_multiplier=\u00bb3x\u00bb padding_bottom_multiplier=\u00bb4x\u00bb][vc_column mobile_text_align=\u00bbcenter\u00bb][vc_column_text]FEEL se compromete a proteger los datos personales que le son confiados, para lo cual establece un deber de [&hellip;]<\/p>\n","protected":false},"author":1,"featured_media":0,"parent":0,"menu_order":0,"comment_status":"closed","ping_status":"closed","template":"","meta":{"_acf_changed":false,"inline_featured_image":false,"footnotes":""},"class_list":["post-1649","page","type-page","status-publish","hentry"],"acf":[],"yoast_head":"<!-- This site is optimized with the Yoast SEO plugin v23.4 - https:\/\/yoast.com\/wordpress\/plugins\/seo\/ -->\n<title>Pol\u00edtica de privacidad y de cookies | Feel<\/title>\n<meta name=\"robots\" content=\"index, follow, max-snippet:-1, max-image-preview:large, max-video-preview:-1\" \/>\n<link rel=\"canonical\" href=\"https:\/\/www.feelanimalwelfare.com\/es\/politica-de-privacidad-y-de-cookies\/\" \/>\n<meta property=\"og:locale\" content=\"es_ES\" \/>\n<meta property=\"og:type\" content=\"article\" \/>\n<meta property=\"og:title\" content=\"Pol\u00edtica de privacidad y de cookies | Feel\" \/>\n<meta property=\"og:description\" content=\"[vc_row heading_color=\u00bbprimary-1&#8243; bg_type=\u00bbcolor\u00bb padding_bottom_multiplier=\u00bb\u00bb bg_color=\u00bbrgba(255,255,255,0.01)\u00bb][vc_column text_align=\u00bbcenter\u00bb css=\u00bb.vc_custom_1670580740011{padding-right: 5% !important;padding-left: 5% !important;}\u00bb][vc_column_text el_class=\u00bbintro\u00bb]FEEL \u2013 ANIMAL WELFARE, S.A. (en adelante, FEEL) desea garantizar y proteger la privacidad de los usuarios, as\u00ed como cumplir sus obligaciones legales.[\/vc_column_text][\/vc_column][\/vc_row][vc_row padding_top_multiplier=\u00bb3x\u00bb padding_bottom_multiplier=\u00bb4x\u00bb][vc_column mobile_text_align=\u00bbcenter\u00bb][vc_column_text]FEEL se compromete a proteger los datos personales que le son confiados, para lo cual establece un deber de [&hellip;]\" \/>\n<meta property=\"og:url\" content=\"https:\/\/www.feelanimalwelfare.com\/es\/politica-de-privacidad-y-de-cookies\/\" \/>\n<meta property=\"og:site_name\" content=\"Feel\" \/>\n<meta property=\"article:publisher\" content=\"https:\/\/www.facebook.com\/feelanimalwelfare\" \/>\n<meta property=\"article:modified_time\" content=\"2023-05-03T15:23:24+00:00\" \/>\n<meta property=\"og:image\" content=\"https:\/\/www.feelanimalwelfare.com\/wp-content\/uploads\/Yoast-imagem-default.webp\" \/>\n\t<meta property=\"og:image:width\" content=\"1200\" \/>\n\t<meta property=\"og:image:height\" content=\"675\" \/>\n\t<meta property=\"og:image:type\" content=\"image\/webp\" \/>\n<meta name=\"twitter:card\" content=\"summary_large_image\" \/>\n<meta name=\"twitter:label1\" content=\"Tiempo de lectura\" \/>\n\t<meta name=\"twitter:data1\" content=\"10 minutos\" \/>\n<script type=\"application\/ld+json\" class=\"yoast-schema-graph\">{\"@context\":\"https:\/\/schema.org\",\"@graph\":[{\"@type\":\"WebPage\",\"@id\":\"https:\/\/www.feelanimalwelfare.com\/es\/politica-de-privacidad-y-de-cookies\/\",\"url\":\"https:\/\/www.feelanimalwelfare.com\/es\/politica-de-privacidad-y-de-cookies\/\",\"name\":\"Pol\u00edtica de privacidad y de cookies | Feel\",\"isPartOf\":{\"@id\":\"https:\/\/www.feelanimalwelfare.com\/es\/#website\"},\"datePublished\":\"2023-03-08T08:41:39+00:00\",\"dateModified\":\"2023-05-03T15:23:24+00:00\",\"breadcrumb\":{\"@id\":\"https:\/\/www.feelanimalwelfare.com\/es\/politica-de-privacidad-y-de-cookies\/#breadcrumb\"},\"inLanguage\":\"es\",\"potentialAction\":[{\"@type\":\"ReadAction\",\"target\":[\"https:\/\/www.feelanimalwelfare.com\/es\/politica-de-privacidad-y-de-cookies\/\"]}]},{\"@type\":\"BreadcrumbList\",\"@id\":\"https:\/\/www.feelanimalwelfare.com\/es\/politica-de-privacidad-y-de-cookies\/#breadcrumb\",\"itemListElement\":[{\"@type\":\"ListItem\",\"position\":1,\"name\":\"In\u00edcio\",\"item\":\"https:\/\/www.feelanimalwelfare.com\/es\/homepage\/\"},{\"@type\":\"ListItem\",\"position\":2,\"name\":\"Pol\u00edtica de privacidad y de cookies\"}]},{\"@type\":\"WebSite\",\"@id\":\"https:\/\/www.feelanimalwelfare.com\/es\/#website\",\"url\":\"https:\/\/www.feelanimalwelfare.com\/es\/\",\"name\":\"Feel - Animal Welfare\",\"description\":\"The Natural &amp; Healthy Choice\",\"publisher\":{\"@id\":\"https:\/\/www.feelanimalwelfare.com\/es\/#organization\"},\"alternateName\":\"Feel\",\"potentialAction\":[{\"@type\":\"SearchAction\",\"target\":{\"@type\":\"EntryPoint\",\"urlTemplate\":\"https:\/\/www.feelanimalwelfare.com\/es\/?s={search_term_string}\"},\"query-input\":{\"@type\":\"PropertyValueSpecification\",\"valueRequired\":true,\"valueName\":\"search_term_string\"}}],\"inLanguage\":\"es\"},{\"@type\":\"Organization\",\"@id\":\"https:\/\/www.feelanimalwelfare.com\/es\/#organization\",\"name\":\"Feel - Animal Welfare, S.A.\",\"url\":\"https:\/\/www.feelanimalwelfare.com\/es\/\",\"logo\":{\"@type\":\"ImageObject\",\"inLanguage\":\"es\",\"@id\":\"https:\/\/www.feelanimalwelfare.com\/es\/#\/schema\/logo\/image\/\",\"url\":\"https:\/\/feelanimalwelfare.com\/wp-content\/uploads\/feel-logo-header-retina_1.png\",\"contentUrl\":\"https:\/\/feelanimalwelfare.com\/wp-content\/uploads\/feel-logo-header-retina_1.png\",\"width\":473,\"height\":252,\"caption\":\"Feel - Animal Welfare, S.A.\"},\"image\":{\"@id\":\"https:\/\/www.feelanimalwelfare.com\/es\/#\/schema\/logo\/image\/\"},\"sameAs\":[\"https:\/\/www.facebook.com\/feelanimalwelfare\",\"https:\/\/www.instagram.com\/feelanimalwelfare\/\",\"https:\/\/www.linkedin.com\/company\/feel-animal-welfare\/\",\"https:\/\/www.youtube.com\/@feelanimalwelfare\"]}]}<\/script>\n<!-- \/ Yoast SEO plugin. -->","yoast_head_json":{"title":"Pol\u00edtica de privacidad y de cookies | Feel","robots":{"index":"index","follow":"follow","max-snippet":"max-snippet:-1","max-image-preview":"max-image-preview:large","max-video-preview":"max-video-preview:-1"},"canonical":"https:\/\/www.feelanimalwelfare.com\/es\/politica-de-privacidad-y-de-cookies\/","og_locale":"es_ES","og_type":"article","og_title":"Pol\u00edtica de privacidad y de cookies | Feel","og_description":"[vc_row heading_color=\u00bbprimary-1&#8243; bg_type=\u00bbcolor\u00bb padding_bottom_multiplier=\u00bb\u00bb bg_color=\u00bbrgba(255,255,255,0.01)\u00bb][vc_column text_align=\u00bbcenter\u00bb css=\u00bb.vc_custom_1670580740011{padding-right: 5% !important;padding-left: 5% !important;}\u00bb][vc_column_text el_class=\u00bbintro\u00bb]FEEL \u2013 ANIMAL WELFARE, S.A. (en adelante, FEEL) desea garantizar y proteger la privacidad de los usuarios, as\u00ed como cumplir sus obligaciones legales.[\/vc_column_text][\/vc_column][\/vc_row][vc_row padding_top_multiplier=\u00bb3x\u00bb padding_bottom_multiplier=\u00bb4x\u00bb][vc_column mobile_text_align=\u00bbcenter\u00bb][vc_column_text]FEEL se compromete a proteger los datos personales que le son confiados, para lo cual establece un deber de [&hellip;]","og_url":"https:\/\/www.feelanimalwelfare.com\/es\/politica-de-privacidad-y-de-cookies\/","og_site_name":"Feel","article_publisher":"https:\/\/www.facebook.com\/feelanimalwelfare","article_modified_time":"2023-05-03T15:23:24+00:00","og_image":[{"width":1200,"height":675,"url":"https:\/\/www.feelanimalwelfare.com\/wp-content\/uploads\/Yoast-imagem-default.webp","type":"image\/webp"}],"twitter_card":"summary_large_image","twitter_misc":{"Tiempo de lectura":"10 minutos"},"schema":{"@context":"https:\/\/schema.org","@graph":[{"@type":"WebPage","@id":"https:\/\/www.feelanimalwelfare.com\/es\/politica-de-privacidad-y-de-cookies\/","url":"https:\/\/www.feelanimalwelfare.com\/es\/politica-de-privacidad-y-de-cookies\/","name":"Pol\u00edtica de privacidad y de cookies | Feel","isPartOf":{"@id":"https:\/\/www.feelanimalwelfare.com\/es\/#website"},"datePublished":"2023-03-08T08:41:39+00:00","dateModified":"2023-05-03T15:23:24+00:00","breadcrumb":{"@id":"https:\/\/www.feelanimalwelfare.com\/es\/politica-de-privacidad-y-de-cookies\/#breadcrumb"},"inLanguage":"es","potentialAction":[{"@type":"ReadAction","target":["https:\/\/www.feelanimalwelfare.com\/es\/politica-de-privacidad-y-de-cookies\/"]}]},{"@type":"BreadcrumbList","@id":"https:\/\/www.feelanimalwelfare.com\/es\/politica-de-privacidad-y-de-cookies\/#breadcrumb","itemListElement":[{"@type":"ListItem","position":1,"name":"In\u00edcio","item":"https:\/\/www.feelanimalwelfare.com\/es\/homepage\/"},{"@type":"ListItem","position":2,"name":"Pol\u00edtica de privacidad y de cookies"}]},{"@type":"WebSite","@id":"https:\/\/www.feelanimalwelfare.com\/es\/#website","url":"https:\/\/www.feelanimalwelfare.com\/es\/","name":"Feel - Animal Welfare","description":"The Natural &amp; Healthy Choice","publisher":{"@id":"https:\/\/www.feelanimalwelfare.com\/es\/#organization"},"alternateName":"Feel","potentialAction":[{"@type":"SearchAction","target":{"@type":"EntryPoint","urlTemplate":"https:\/\/www.feelanimalwelfare.com\/es\/?s={search_term_string}"},"query-input":{"@type":"PropertyValueSpecification","valueRequired":true,"valueName":"search_term_string"}}],"inLanguage":"es"},{"@type":"Organization","@id":"https:\/\/www.feelanimalwelfare.com\/es\/#organization","name":"Feel - Animal Welfare, S.A.","url":"https:\/\/www.feelanimalwelfare.com\/es\/","logo":{"@type":"ImageObject","inLanguage":"es","@id":"https:\/\/www.feelanimalwelfare.com\/es\/#\/schema\/logo\/image\/","url":"https:\/\/feelanimalwelfare.com\/wp-content\/uploads\/feel-logo-header-retina_1.png","contentUrl":"https:\/\/feelanimalwelfare.com\/wp-content\/uploads\/feel-logo-header-retina_1.png","width":473,"height":252,"caption":"Feel - Animal Welfare, S.A."},"image":{"@id":"https:\/\/www.feelanimalwelfare.com\/es\/#\/schema\/logo\/image\/"},"sameAs":["https:\/\/www.facebook.com\/feelanimalwelfare","https:\/\/www.instagram.com\/feelanimalwelfare\/","https:\/\/www.linkedin.com\/company\/feel-animal-welfare\/","https:\/\/www.youtube.com\/@feelanimalwelfare"]}]}},"_links":{"self":[{"href":"https:\/\/www.feelanimalwelfare.com\/es\/wp-json\/wp\/v2\/pages\/1649","targetHints":{"allow":["GET"]}}],"collection":[{"href":"https:\/\/www.feelanimalwelfare.com\/es\/wp-json\/wp\/v2\/pages"}],"about":[{"href":"https:\/\/www.feelanimalwelfare.com\/es\/wp-json\/wp\/v2\/types\/page"}],"author":[{"embeddable":true,"href":"https:\/\/www.feelanimalwelfare.com\/es\/wp-json\/wp\/v2\/users\/1"}],"replies":[{"embeddable":true,"href":"https:\/\/www.feelanimalwelfare.com\/es\/wp-json\/wp\/v2\/comments?post=1649"}],"version-history":[{"count":0,"href":"https:\/\/www.feelanimalwelfare.com\/es\/wp-json\/wp\/v2\/pages\/1649\/revisions"}],"wp:attachment":[{"href":"https:\/\/www.feelanimalwelfare.com\/es\/wp-json\/wp\/v2\/media?parent=1649"}],"curies":[{"name":"wp","href":"https:\/\/api.w.org\/{rel}","templated":true}]}}